{"id":9,"date":"2019-01-07T14:00:18","date_gmt":"2019-01-07T13:00:18","guid":{"rendered":"https:\/\/www.renowa.info\/?page_id=9"},"modified":"2019-01-17T14:50:04","modified_gmt":"2019-01-17T13:50:04","slug":"o-nas","status":"publish","type":"page","link":"https:\/\/www.renowa.info\/","title":{"rendered":"O Nas"},"content":{"rendered":"\t\t<div data-elementor-type=\"wp-post\" data-elementor-id=\"9\" class=\"elementor elementor-9 elementor-bc-flex-widget\">\n\t\t\t\t\t\t<div class=\"elementor-inner\">\n\t\t\t\t<div class=\"elementor-section-wrap\">\n\t\t\t\t\t\t\t\t\t<section class=\"elementor-section elementor-top-section elementor-element elementor-element-750627c6 elementor-section-boxed elementor-section-height-default elementor-section-height-default\" data-id=\"750627c6\" data-element_type=\"section\">\n\t\t\t\t\t\t<div class=\"elementor-container elementor-column-gap-default\">\n\t\t\t\t\t\t\t<div class=\"elementor-row\">\n\t\t\t\t\t<div class=\"elementor-column elementor-col-100 elementor-top-column elementor-element elementor-element-4551260c\" data-id=\"4551260c\" data-element_type=\"column\">\n\t\t\t<div class=\"elementor-column-wrap elementor-element-populated\">\n\t\t\t\t\t\t\t<div class=\"elementor-widget-wrap\">\n\t\t\t\t\t\t<div class=\"elementor-element elementor-element-5fa62ab9 elementor-widget elementor-widget-text-editor\" data-id=\"5fa62ab9\" data-element_type=\"widget\" data-widget_type=\"text-editor.default\">\n\t\t\t\t<div class=\"elementor-widget-container\">\n\t\t\t\t\t\t\t\t<div class=\"elementor-text-editor elementor-clearfix\">\n\t\t\t\t<!-- wp:paragraph -->\n<p><strong>Firma \u201eRENOWA\u201d dzia\u0142a na rynku od 2007 roku. Oferujemy\u00a0 kompleksowe us\u0142ugi w obszarze in\u017cynierii l\u0105dowej, budownictwa komunikacyjnego polegaj\u0105ce na kompleksowym przygotowaniu i prowadzeniu inwestycji. Nasz oferta skierowana jest zar\u00f3wno do instytucji publiczny jak i do podmiot\u00f3w prywatnych. <\/strong><\/p>\n<!-- \/wp:paragraph --><!-- wp:paragraph -->\n<p><strong>Proponujemy\u00a0 us\u0142ugi w zakresie:<\/strong><\/p>\n<!-- \/wp:paragraph --><!-- wp:paragraph -->\n<p>&#8211; Projektowania w budownictwie l\u0105dowym,<\/p>\n<!-- \/wp:paragraph --><!-- wp:paragraph -->\n<p>&#8211; Oceny stanu technicznego istniej\u0105cych obiekt\u00f3w budowlanych<\/p>\n<!-- \/wp:paragraph --><!-- wp:paragraph -->\n<p>&#8211; Nadz\u00f3r inwestorski<\/p>\n<!-- \/wp:paragraph --><!-- wp:paragraph -->\n<p>&#8211; Zast\u0119pstwo inwestorskie<\/p>\n<!-- \/wp:paragraph --><!-- wp:paragraph -->\n<p>&#8211; In\u017cynier kontraktu<\/p>\n<!-- \/wp:paragraph --><!-- wp:paragraph -->\n<p>&#8211; Pozyskania \u015brodk\u00f3w na inwestycje z UE<\/p>\n<!-- \/wp:paragraph --><!-- wp:paragraph -->\n<p>&#8211; Pozyskania \u015brodk\u00f3w na inwestycje z bud\u017cetu pa\u0144stwa i innych \u017ar\u00f3de\u0142<\/p>\n<!-- \/wp:paragraph --><!-- wp:paragraph -->\n<p><strong>Zatrudniamy do\u015bwiadczon\u0105 wysoko kwalifikowan\u0105 kadr\u0119 mog\u0105c\u0105 w spos\u00f3b profesjonalny i skuteczny podj\u0105\u0107 obs\u0142ug\u0119 Pa\u0144stwa inwestycji wed\u0142ug standard\u00f3w FIDIC, ustawy \u201ePrawo zam\u00f3wie\u0144 publicznych\u201d lub innych zasad ustalonych przez inwestora.<\/strong><\/p>\n<!-- \/wp:paragraph -->\t\t\t\t\t<\/div>\n\t\t\t\t\t\t<\/div>\n\t\t\t\t<\/div>\n\t\t\t\t\t\t<\/div>\n\t\t\t\t\t<\/div>\n\t\t<\/div>\n\t\t\t\t\t\t\t\t<\/div>\n\t\t\t\t\t<\/div>\n\t\t<\/section>\n\t\t\t\t\t\t\t\t\t<\/div>\n\t\t\t<\/div>\n\t\t\t\t\t<\/div>\n\t\t","protected":false},"excerpt":{"rendered":"<p>Firma \u201eRENOWA\u201d dzia\u0142a na rynku od 2007 roku. Oferujemy&nbsp; kompleksowe us\u0142ugi w obszarze in\u017cynierii l\u0105dowej, budownictwa komunikacyjnego polegaj\u0105ce na kompleksowym przygotowaniu i prowadzeniu inwestycji. Nasz oferta skierowana jest zar\u00f3wno do instytucji publiczny jak i do podmiot\u00f3w prywatnych. Proponujemy&nbsp; us\u0142ugi w zakresie: &#8211; Projektowania w budownictwie l\u0105dowym, &#8211; Oceny stanu technicznego istniej\u0105cych obiekt\u00f3w budowlanych &#8211; Nadz\u00f3r [&hellip;]<\/p>\n","protected":false},"author":1,"featured_media":0,"parent":0,"menu_order":0,"comment_status":"closed","ping_status":"closed","template":"","meta":[],"_links":{"self":[{"href":"https:\/\/www.renowa.info\/index.php?rest_route=\/wp\/v2\/pages\/9"}],"collection":[{"href":"https:\/\/www.renowa.info\/index.php?rest_route=\/wp\/v2\/pages"}],"about":[{"href":"https:\/\/www.renowa.info\/index.php?rest_route=\/wp\/v2\/types\/page"}],"author":[{"embeddable":true,"href":"https:\/\/www.renowa.info\/index.php?rest_route=\/wp\/v2\/users\/1"}],"replies":[{"embeddable":true,"href":"https:\/\/www.renowa.info\/index.php?rest_route=%2Fwp%2Fv2%2Fcomments&post=9"}],"version-history":[{"count":4,"href":"https:\/\/www.renowa.info\/index.php?rest_route=\/wp\/v2\/pages\/9\/revisions"}],"predecessor-version":[{"id":89,"href":"https:\/\/www.renowa.info\/index.php?rest_route=\/wp\/v2\/pages\/9\/revisions\/89"}],"wp:attachment":[{"href":"https:\/\/www.renowa.info\/index.php?rest_route=%2Fwp%2Fv2%2Fmedia&parent=9"}],"curies":[{"name":"wp","href":"https:\/\/api.w.org\/{rel}","templated":true}]}}