{"id":35,"date":"2019-01-07T15:30:40","date_gmt":"2019-01-07T14:30:40","guid":{"rendered":"https:\/\/www.renowa.info\/?page_id=35"},"modified":"2019-01-07T15:43:27","modified_gmt":"2019-01-07T14:43:27","slug":"finansowanie","status":"publish","type":"page","link":"https:\/\/www.renowa.info\/?page_id=35","title":{"rendered":"Finansowanie"},"content":{"rendered":"\n<p><strong>Finansowanie w ramach \u015brodk\u00f3w z UE: <\/strong><\/p>\n\n\n\n<p>&#8211; Przygotowanie wniosk\u00f3w dla uzyskania \u015brodk\u00f3w pomocowych z Unii Europejskiej wraz z niezb\u0119dnymi za\u0142\u0105cznikami,<\/p>\n\n\n\n<p> &#8211; Doprowadzenie do uzyskania przez Wnioskodawc\u0119 dofinansowania ze \u015brodk\u00f3w pomocowych z Unii Europejskiej.<\/p>\n\n\n\n<p> &#8211; Rozliczenie \u015brodk\u00f3w pomocowych z Unii Europejskiej.<\/p>\n\n\n\n<p><strong>Finansowanie w ramach \u015brodk\u00f3w z bud\u017cetu pa\u0144stwa:<\/strong><\/p>\n\n\n\n<p>W zakresie pozyskania \u015brodk\u00f3w pomocowych Firma nasza wsp\u00f3\u0142pracuje z wiod\u0105cymi instytucjami na rynku<\/p>\n\n\n\n<p> &#8211; Przygotowanie wniosk\u00f3w dla uzyskania dofinansowania z bud\u017cetu Pa\u0144stwa na inwestycje drogowe z program\u00f3w rz\u0105dowych,<\/p>\n\n\n\n<p> &#8211; Doprowadzenie do uzyskania przez Wnioskodawc\u0119 dofinansowania ze \u015brodk\u00f3w bud\u017cetu pa\u0144stwa,<\/p>\n\n\n\n<p> &#8211; Rozliczenie otrzymanych \u015brodk\u00f3w,<\/p>\n","protected":false},"excerpt":{"rendered":"<p>Finansowanie w ramach \u015brodk\u00f3w z UE: &#8211; Przygotowanie wniosk\u00f3w dla uzyskania \u015brodk\u00f3w pomocowych z Unii Europejskiej wraz z niezb\u0119dnymi za\u0142\u0105cznikami, &#8211; Doprowadzenie do uzyskania przez Wnioskodawc\u0119 dofinansowania ze \u015brodk\u00f3w pomocowych z Unii Europejskiej. &#8211; Rozliczenie \u015brodk\u00f3w pomocowych z Unii Europejskiej. Finansowanie w ramach \u015brodk\u00f3w z bud\u017cetu pa\u0144stwa: W zakresie pozyskania \u015brodk\u00f3w pomocowych Firma nasza wsp\u00f3\u0142pracuje [&hellip;]<\/p>\n","protected":false},"author":1,"featured_media":0,"parent":0,"menu_order":0,"comment_status":"closed","ping_status":"closed","template":"","meta":[],"_links":{"self":[{"href":"https:\/\/www.renowa.info\/index.php?rest_route=\/wp\/v2\/pages\/35"}],"collection":[{"href":"https:\/\/www.renowa.info\/index.php?rest_route=\/wp\/v2\/pages"}],"about":[{"href":"https:\/\/www.renowa.info\/index.php?rest_route=\/wp\/v2\/types\/page"}],"author":[{"embeddable":true,"href":"https:\/\/www.renowa.info\/index.php?rest_route=\/wp\/v2\/users\/1"}],"replies":[{"embeddable":true,"href":"https:\/\/www.renowa.info\/index.php?rest_route=%2Fwp%2Fv2%2Fcomments&post=35"}],"version-history":[{"count":2,"href":"https:\/\/www.renowa.info\/index.php?rest_route=\/wp\/v2\/pages\/35\/revisions"}],"predecessor-version":[{"id":39,"href":"https:\/\/www.renowa.info\/index.php?rest_route=\/wp\/v2\/pages\/35\/revisions\/39"}],"wp:attachment":[{"href":"https:\/\/www.renowa.info\/index.php?rest_route=%2Fwp%2Fv2%2Fmedia&parent=35"}],"curies":[{"name":"wp","href":"https:\/\/api.w.org\/{rel}","templated":true}]}}