{"id":29,"date":"2019-01-07T15:28:59","date_gmt":"2019-01-07T14:28:59","guid":{"rendered":"https:\/\/www.renowa.info\/?page_id=29"},"modified":"2019-01-07T15:40:43","modified_gmt":"2019-01-07T14:40:43","slug":"projektowanie","status":"publish","type":"page","link":"https:\/\/www.renowa.info\/?page_id=29","title":{"rendered":"Projektowanie"},"content":{"rendered":"\n<p><strong>W ramach \u015bwiadczonych us\u0142ug oferujemy:<\/strong> <\/p>\n\n\n\n<p>&#8211; Opracowania studialne, koncepcje programowe,<\/p>\n\n\n\n<p> &#8211; Projekty budowlane i wykonawcze dr\u00f3g, ulic, ci\u0105g\u00f3w pieszo-jezdnych, \u015bcie\u017cek rowerowych zjazd\u00f3w, chodnik\u00f3w, plac\u00f3w,<\/p>\n\n\n\n<p> &#8211; Projekty budowlane i wykonawcze drogowych i kolejowych obiekt\u00f3w in\u017cynierskich \u2013 most\u00f3w, wiadukt\u00f3w, przepust\u00f3w, mur\u00f3w oporowych,<\/p>\n\n\n\n<p> &#8211; Projekty budowlane i wykonawcze dla towarzysz\u0105cej infrastruktury technicznej \u2013 sieci wodoci\u0105gowej, energetycznej, gazowej, sanitarnej, budowli wodnych i regulacyjnych<\/p>\n\n\n\n<p> &#8211; Kosztorysy inwestorskie, ofertowe i specyfikacje techniczne,<\/p>\n\n\n\n<p> &#8211; Organizacje ruchu sta\u0142e i czasowe,<\/p>\n\n\n\n<p><strong>Wsp\u00f3\u0142praca z Wykonawcami przy realizacji kontrakt\u00f3w w trybie \u201ezaprojektuj i wybuduj\u201d polegaj\u0105ca na: <\/strong><\/p>\n\n\n\n<p> &#8211; Ocenie przedmiotu zam\u00f3wienia, dokument\u00f3w przetargowych,<\/p>\n\n\n\n<p> &#8211; Opracowanie materia\u0142\u00f3w niezb\u0119dnych do wyceny inwestycji na etapie oferty,<\/p>\n\n\n\n<p>&nbsp;&#8211; Optymalizacja rozwi\u0105za\u0144 projektowych,<\/p>\n\n\n\n<p> &#8211; Wykonanie kompleksowej dokumentacji<\/p>\n\n\n\n<p> projektowej, zgodnej z PFU, wraz z niezb\u0119dnymi pozwoleniami decyzjami i uzgodnieniami,<\/p>\n\n\n\n<p> &#8211; Nadz\u00f3r autorski na etapie realizacji rob\u00f3t.<\/p>\n\n\n\n<p><strong>Opracowania \u015brodowiskowe<\/strong><\/p>\n\n\n\n<p> &#8211; Operaty wodno-prawne,<\/p>\n\n\n\n<p> &#8211; Karty informacyjne przedsi\u0119wzi\u0119cia,<\/p>\n\n\n\n<p> &#8211; Raporty oddzia\u0142ywania na \u015brodowisko.<\/p>\n","protected":false},"excerpt":{"rendered":"<p>W ramach \u015bwiadczonych us\u0142ug oferujemy: &#8211; Opracowania studialne, koncepcje programowe, &#8211; Projekty budowlane i wykonawcze dr\u00f3g, ulic, ci\u0105g\u00f3w pieszo-jezdnych, \u015bcie\u017cek rowerowych zjazd\u00f3w, chodnik\u00f3w, plac\u00f3w, &#8211; Projekty budowlane i wykonawcze drogowych i kolejowych obiekt\u00f3w in\u017cynierskich \u2013 most\u00f3w, wiadukt\u00f3w, przepust\u00f3w, mur\u00f3w oporowych, &#8211; Projekty budowlane i wykonawcze dla towarzysz\u0105cej infrastruktury technicznej \u2013 sieci wodoci\u0105gowej, energetycznej, gazowej, sanitarnej, [&hellip;]<\/p>\n","protected":false},"author":1,"featured_media":0,"parent":0,"menu_order":0,"comment_status":"closed","ping_status":"closed","template":"","meta":[],"_links":{"self":[{"href":"https:\/\/www.renowa.info\/index.php?rest_route=\/wp\/v2\/pages\/29"}],"collection":[{"href":"https:\/\/www.renowa.info\/index.php?rest_route=\/wp\/v2\/pages"}],"about":[{"href":"https:\/\/www.renowa.info\/index.php?rest_route=\/wp\/v2\/types\/page"}],"author":[{"embeddable":true,"href":"https:\/\/www.renowa.info\/index.php?rest_route=\/wp\/v2\/users\/1"}],"replies":[{"embeddable":true,"href":"https:\/\/www.renowa.info\/index.php?rest_route=%2Fwp%2Fv2%2Fcomments&post=29"}],"version-history":[{"count":2,"href":"https:\/\/www.renowa.info\/index.php?rest_route=\/wp\/v2\/pages\/29\/revisions"}],"predecessor-version":[{"id":38,"href":"https:\/\/www.renowa.info\/index.php?rest_route=\/wp\/v2\/pages\/29\/revisions\/38"}],"wp:attachment":[{"href":"https:\/\/www.renowa.info\/index.php?rest_route=%2Fwp%2Fv2%2Fmedia&parent=29"}],"curies":[{"name":"wp","href":"https:\/\/api.w.org\/{rel}","templated":true}]}}